{"id":2793,"date":"2023-05-25T01:46:10","date_gmt":"2023-05-25T01:46:10","guid":{"rendered":"https:\/\/flyupresort.com\/khu-vui-choi-tre-em\/"},"modified":"2023-06-01T03:40:14","modified_gmt":"2023-06-01T03:40:14","slug":"children-amusement-room","status":"publish","type":"page","link":"https:\/\/flyupresort.com\/en\/children-amusement-room\/","title":{"rendered":"Children Amusement Room"},"content":{"rendered":"<section class=\"wpb-content-wrapper\"><p>[vc_row][vc_column][vc_single_image image=&#8221;2466&#8243; img_size=&#8221;large&#8221; alignment=&#8221;center&#8221; style=&#8221;vc_box_rounded&#8221; css_animation=&#8221;bounceIn&#8221;][vc_column_text]Kh\u00e1m ph\u00e1 Khu vui ch\u01a1i tr\u1ebb em tuy\u1ec7t v\u1eddi t\u1ea1i Flyup Resort<\/p>\n<p>Hello Parents and Friends,<\/p>\n<p>We are excited to share with you about the exciting Children&#8217;s Playground at Flyup Resort. This is the ideal place for children to freely play, explore and create memorable memories during their family vacation.<\/p>\n<p>V\u1edbi m\u1ed9t lo\u1ea1t c\u00e1c ho\u1ea1t \u0111\u1ed9ng v\u00e0 ti\u1ec7n nghi ph\u00f9 h\u1ee3p v\u1edbi m\u1ecdi l\u1ee9a tu\u1ed5i, Khu vui ch\u01a1i tr\u1ebb em t\u1ea1i Flyup Resort mang \u0111\u1ebfn s\u1ef1 vui t\u01b0\u01a1i v\u00e0 ni\u1ec1m h\u00e1o h\u1ee9c kh\u00f4ng th\u1ec3 t\u1ea3 cho c\u00e1c con. C\u00e1c khu vui ch\u01a1i trong nh\u00e0 \u0111\u01b0\u1ee3c thi\u1ebft k\u1ebf an to\u00e0n v\u00e0 \u0111a d\u1ea1ng, \u0111\u1ea3m b\u1ea3o r\u1eb1ng c\u00e1c b\u00e9 s\u1ebd c\u00f3 m\u1ed9t th\u1ebf gi\u1edbi \u0111\u1ea7y m\u00e0u s\u1eafc \u0111\u1ec3 kh\u00e1m ph\u00e1.<\/p>\n<p>H\u00e3y mang c\u00e1c b\u00e9 \u0111\u1ebfn Flyup Resort v\u00e0 \u0111\u1ec3 ch\u00fang th\u1ecfa s\u1ee9c kh\u00e1m ph\u00e1 v\u00e0 vui ch\u01a1i trong kh\u00f4ng gian an l\u00e0nh v\u00e0 y\u00ean b\u00ecnh. Ch\u00fang t\u00f4i tin r\u1eb1ng tr\u1ea3i nghi\u1ec7m t\u1ea1i Khu vui ch\u01a1i tr\u1ebb em c\u1ee7a ch\u00fang t\u00f4i s\u1ebd l\u00e0 m\u1ed9t ph\u1ea7n quan tr\u1ecdng trong k\u1ef7 ni\u1ec7m gia \u0111\u00ecnh \u0111\u00e1ng nh\u1edb c\u1ee7a b\u1ea1n.[\/vc_column_text][\/vc_column][\/vc_row]<\/p>\n<\/section>","protected":false},"excerpt":{"rendered":"<p>[vc_row][vc_column][vc_single_image image=&#8221;2466&#8243; img_size=&#8221;large&#8221; alignment=&#8221;center&#8221; style=&#8221;vc_box_rounded&#8221; css_animation=&#8221;bounceIn&#8221;][vc_column_text]Kh\u00e1m ph\u00e1 Khu vui ch\u01a1i tr\u1ebb em tuy\u1ec7t v\u1eddi t\u1ea1i Flyup Resort Hello Parents and Friends, We are excited to share with you about the exciting Children&#8217;s Playground at Flyup Resort. This is the ideal place for children to freely play, explore and create memorable memories during their family vacation. [&hellip;]<\/p>\n","protected":false},"author":2,"featured_media":0,"parent":0,"menu_order":0,"comment_status":"closed","ping_status":"closed","template":"","meta":[],"_links":{"self":[{"href":"https:\/\/flyupresort.com\/en\/wp-json\/wp\/v2\/pages\/2793"}],"collection":[{"href":"https:\/\/flyupresort.com\/en\/wp-json\/wp\/v2\/pages"}],"about":[{"href":"https:\/\/flyupresort.com\/en\/wp-json\/wp\/v2\/types\/page"}],"author":[{"embeddable":true,"href":"https:\/\/flyupresort.com\/en\/wp-json\/wp\/v2\/users\/2"}],"replies":[{"embeddable":true,"href":"https:\/\/flyupresort.com\/en\/wp-json\/wp\/v2\/comments?post=2793"}],"version-history":[{"count":3,"href":"https:\/\/flyupresort.com\/en\/wp-json\/wp\/v2\/pages\/2793\/revisions"}],"predecessor-version":[{"id":2909,"href":"https:\/\/flyupresort.com\/en\/wp-json\/wp\/v2\/pages\/2793\/revisions\/2909"}],"wp:attachment":[{"href":"https:\/\/flyupresort.com\/en\/wp-json\/wp\/v2\/media?parent=2793"}],"curies":[{"name":"wp","href":"https:\/\/api.w.org\/{rel}","templated":true}]}}