{"id":2802,"date":"2018-06-01T13:01:22","date_gmt":"2018-06-01T13:01:22","guid":{"rendered":"https:\/\/flyupresort.com\/testimonials\/"},"modified":"2018-06-01T13:01:22","modified_gmt":"2018-06-01T13:01:22","slug":"testimonials","status":"publish","type":"page","link":"https:\/\/flyupresort.com\/en\/testimonials\/","title":{"rendered":"Testimonials"},"content":{"rendered":"<section class=\"wpb-content-wrapper\"><p>[vc_row][vc_column]\r\n        <div class=\"row flex-row\">\r\n            \t\t\t\t\t\t\t\t<!-- TESTIMONIAL GRID ITEM -->\r\n                <div class=\"col-lg-4 col-sm-6 \">\r\n                    <div class=\"testimonial-item\">\r\n\t\t                  <div class=\"review\">\r\n\t\t                        <h3>Nice Place<\/h3>\r\n                                <div class=\"rating\">\r\n                                    <i class=\"fa fa-star\" aria-hidden=\"true\"><\/i><i class=\"fa fa-star\" aria-hidden=\"true\"><\/i><i class=\"fa fa-star\" aria-hidden=\"true\"><\/i><i class=\"fa fa-star\" aria-hidden=\"true\"><\/i><i class=\"fa fa-star\" aria-hidden=\"true\"><\/i>                                <\/div>\r\n\t\t                        <p>Fly up l\u00e0 resort \u0111\u1eb9p b\u1eadc nh\u1ea5t H\u00f2n S\u01a1n, ph\u00f2ng \u1ed1c - khu\u00f4n vi\u00ean \u0111\u1eb9p, nh\u00e2n vi\u00ean th\u00e2n thi\u1ec7n, nhi\u1ec1u g\u00f3c s\u1ed1ng \u1ea3o \u0111\u1eb9p, \u0111\u01b0a m\u00e1y \u1ea3nh l\u00ean l\u00e0 c\u00f3 h\u00ecnh \u0111\u1eb9p.<\/p>\r\n\t\t                    <\/div>\r\n\t\t                    <div class=\"author\">\r\n                                                                    <img src=\"https:\/\/flyupresort.com\/wp-content\/uploads\/2023\/06\/354588862_189395374092874_3089101270349043729_n-150x150.jpg\" alt=\"M\u1ef8 LINH\" width=\"80\">\r\n                                \t\t                        <div class=\"author-info\">\r\n\t\t                            <h5>M\u1ef8 LINH<\/h5>\r\n\t\t                            <span class=\"author-loacation\"><\/span>\r\n\t\t                        <\/div>\r\n\t\t                    <\/div>\r\n\t\t              <\/div>\r\n                <\/div>\r\n\r\n            \t\t\t\t\t\t\t\t<!-- TESTIMONIAL GRID ITEM -->\r\n                <div class=\"col-lg-4 col-sm-6 \">\r\n                    <div class=\"testimonial-item\">\r\n\t\t                  <div class=\"review\">\r\n\t\t                        <h3>Perfect<\/h3>\r\n                                <div class=\"rating\">\r\n                                    <i class=\"fa fa-star\" aria-hidden=\"true\"><\/i><i class=\"fa fa-star\" aria-hidden=\"true\"><\/i><i class=\"fa fa-star\" aria-hidden=\"true\"><\/i><i class=\"fa fa-star\" aria-hidden=\"true\"><\/i><i class=\"fa fa-star\" aria-hidden=\"true\"><\/i>                                <\/div>\r\n\t\t                        <p>Th\u1ef1c ng\u1eafm v\u1ebb \u0111\u1eb9p m\u1edbi m\u1ebb c\u1ee7a b\u1edd bi\u1ec3n theo phong c\u00e1ch k\u1ef3 v\u0129 v\u00e0 tr\u1ea3i nghi\u1ec7m \u201csang-x\u1ecbn-m\u1ecbn\u201d, full ch\u1ee9c n\u0103ng \u0111\u1ec3 ch\u1ec9 \u1edf trong resort su\u1ed1t ng\u00e0y.<\/p>\r\n\t\t                    <\/div>\r\n\t\t                    <div class=\"author\">\r\n                                                                    <img src=\"https:\/\/flyupresort.com\/wp-content\/uploads\/2023\/06\/354563811_189395264092885_7319713858083073634_n-150x150.jpg\" alt=\"TESSIE BUI\" width=\"80\">\r\n                                \t\t                        <div class=\"author-info\">\r\n\t\t                            <h5>TESSIE BUI<\/h5>\r\n\t\t                            <span class=\"author-loacation\"><\/span>\r\n\t\t                        <\/div>\r\n\t\t                    <\/div>\r\n\t\t              <\/div>\r\n                <\/div>\r\n\r\n            \t\t\t\t\t\t\t\t<!-- TESTIMONIAL GRID ITEM -->\r\n                <div class=\"col-lg-4 col-sm-6 \">\r\n                    <div class=\"testimonial-item\">\r\n\t\t                  <div class=\"review\">\r\n\t\t                        <h3>Great Space<\/h3>\r\n                                <div class=\"rating\">\r\n                                    <i class=\"fa fa-star\" aria-hidden=\"true\"><\/i><i class=\"fa fa-star\" aria-hidden=\"true\"><\/i><i class=\"fa fa-star\" aria-hidden=\"true\"><\/i><i class=\"fa fa-star\" aria-hidden=\"true\"><\/i><i class=\"fa fa-star\" aria-hidden=\"true\"><\/i>                                <\/div>\r\n\t\t                        <p>View t\u1eeb c\u00e1c ph\u00f2ng theo m\u00ecnh th\u1ea5y s\u1ebd \u0111i\u1ec1u th\u1ea5y \u0111\u01b0\u1ee3c bi\u1ec3n v\u00e0 c\u00f3 th\u1ec3 ng\u1eafm b\u00ecnh minh trong ph\u00f2ng lu\u00f4n \u1ea1. Nh\u00e2n vi\u00ean ph\u1ee5c v\u1ee5 r\u1ea5t t\u1eadn t\u00ecnh vui v\u1ebb\r\n<\/p>\r\n\t\t                    <\/div>\r\n\t\t                    <div class=\"author\">\r\n                                                                    <img src=\"https:\/\/flyupresort.com\/wp-content\/uploads\/2023\/06\/355105464_189395334092878_5474027622900986606_n-150x150.jpg\" alt=\"\u00daT GIANG\" width=\"80\">\r\n                                \t\t                        <div class=\"author-info\">\r\n\t\t                            <h5>\u00daT GIANG<\/h5>\r\n\t\t                            <span class=\"author-loacation\"><\/span>\r\n\t\t                        <\/div>\r\n\t\t                    <\/div>\r\n\t\t              <\/div>\r\n                <\/div>\r\n\r\n            \t\t\t\t\t\t\t\t<!-- TESTIMONIAL GRID ITEM -->\r\n                <div class=\"col-lg-4 col-sm-6 \">\r\n                    <div class=\"testimonial-item\">\r\n\t\t                  <div class=\"review\">\r\n\t\t                        <h3>Good Choice<\/h3>\r\n                                <div class=\"rating\">\r\n                                    <i class=\"fa fa-star\" aria-hidden=\"true\"><\/i><i class=\"fa fa-star\" aria-hidden=\"true\"><\/i><i class=\"fa fa-star\" aria-hidden=\"true\"><\/i><i class=\"fa fa-star\" aria-hidden=\"true\"><\/i><i class=\"fa fa-star\" aria-hidden=\"true\"><\/i>                                <\/div>\r\n\t\t                        <p>M\u00ecnh \u0111\u00e3 c\u00f3 m\u1ed9t k\u1ef3 ngh\u1ec9 v\u1edbi tr\u1ea3i nghi\u1ec7m \u0111\u00e1ng gi\u00e1 t\u1ea1i Fly Up Resort.<\/p>\r\n\t\t                    <\/div>\r\n\t\t                    <div class=\"author\">\r\n                                                                    <img src=\"https:\/\/flyupresort.com\/wp-content\/uploads\/2018\/04\/354908175_189395274092884_7565671194913651878_n-150x150.jpg\" alt=\"THI THI\" width=\"80\">\r\n                                \t\t                        <div class=\"author-info\">\r\n\t\t                            <h5>THI THI<\/h5>\r\n\t\t                            <span class=\"author-loacation\"><\/span>\r\n\t\t                        <\/div>\r\n\t\t                    <\/div>\r\n\t\t              <\/div>\r\n                <\/div>\r\n\r\n            \t\t\t\t\t\t\t\t<!-- TESTIMONIAL GRID ITEM -->\r\n                <div class=\"col-lg-4 col-sm-6 \">\r\n                    <div class=\"testimonial-item\">\r\n\t\t                  <div class=\"review\">\r\n\t\t                        <h3>Very Good<\/h3>\r\n                                <div class=\"rating\">\r\n                                    <i class=\"fa fa-star\" aria-hidden=\"true\"><\/i><i class=\"fa fa-star\" aria-hidden=\"true\"><\/i><i class=\"fa fa-star\" aria-hidden=\"true\"><\/i><i class=\"fa fa-star\" aria-hidden=\"true\"><\/i><i class=\"fa fa-star\" aria-hidden=\"true\"><\/i>                                <\/div>\r\n\t\t                        <p>T\u1ea5t c\u1ea3 kh\u00f4ng gian Resort \u0111\u1eb9p t\u1edbi m\u1ee9c, ch\u1ec9 l\u01b0\u1ee3n v\u00e0i v\u00f2ng trong resort c\u1ee9 1 m\u00e9t vu\u00f4ng s\u1ebd c\u00f3 1 t\u1ea5m h\u00ecnh. Hay ch\u1ec9 trong ph\u00f2ng, c\u0169ng c\u00f3 h\u00ecnh chil chill.<\/p>\r\n\t\t                    <\/div>\r\n\t\t                    <div class=\"author\">\r\n                                                                    <img src=\"https:\/\/flyupresort.com\/wp-content\/uploads\/2018\/04\/355154734_189395314092880_7525770247125790865_n-150x150.jpg\" alt=\"NHI KH\u1ec2NH\" width=\"80\">\r\n                                \t\t                        <div class=\"author-info\">\r\n\t\t                            <h5>NHI KH\u1ec2NH<\/h5>\r\n\t\t                            <span class=\"author-loacation\"><\/span>\r\n\t\t                        <\/div>\r\n\t\t                    <\/div>\r\n\t\t              <\/div>\r\n                <\/div>\r\n\r\n            \t\t\t\t\t\t\t\t<!-- TESTIMONIAL GRID ITEM -->\r\n                <div class=\"col-lg-4 col-sm-6 \">\r\n                    <div class=\"testimonial-item\">\r\n\t\t                  <div class=\"review\">\r\n\t\t                        <h3>Excellent<\/h3>\r\n                                <div class=\"rating\">\r\n                                    <i class=\"fa fa-star\" aria-hidden=\"true\"><\/i><i class=\"fa fa-star\" aria-hidden=\"true\"><\/i><i class=\"fa fa-star\" aria-hidden=\"true\"><\/i><i class=\"fa fa-star\" aria-hidden=\"true\"><\/i><i class=\"fa fa-star\" aria-hidden=\"true\"><\/i>                                <\/div>\r\n\t\t                        <p>Very good breakfast with great variety. The staff is amazing helped us and were extremely welcoming.\n<\/p>\r\n\t\t                    <\/div>\r\n\t\t                    <div class=\"author\">\r\n                                                                    <img src=\"https:\/\/flyupresort.com\/wp-content\/uploads\/2018\/02\/user2.jpg\" alt=\"Mabel Hicks\" width=\"80\">\r\n                                \t\t                        <div class=\"author-info\">\r\n\t\t                            <h5>Mabel Hicks<\/h5>\r\n\t\t                            <span class=\"author-loacation\">Moscow, Russia<\/span>\r\n\t\t                        <\/div>\r\n\t\t                    <\/div>\r\n\t\t              <\/div>\r\n                <\/div>\r\n\r\n                                <\/div>\r\n\r\n        [\/vc_column][\/vc_row]<\/p>\n<\/section>","protected":false},"excerpt":{"rendered":"<p>[vc_row][vc_column][\/vc_column][\/vc_row]<\/p>\n","protected":false},"author":1,"featured_media":0,"parent":0,"menu_order":0,"comment_status":"closed","ping_status":"closed","template":"","meta":[],"_links":{"self":[{"href":"https:\/\/flyupresort.com\/en\/wp-json\/wp\/v2\/pages\/2802"}],"collection":[{"href":"https:\/\/flyupresort.com\/en\/wp-json\/wp\/v2\/pages"}],"about":[{"href":"https:\/\/flyupresort.com\/en\/wp-json\/wp\/v2\/types\/page"}],"author":[{"embeddable":true,"href":"https:\/\/flyupresort.com\/en\/wp-json\/wp\/v2\/users\/1"}],"replies":[{"embeddable":true,"href":"https:\/\/flyupresort.com\/en\/wp-json\/wp\/v2\/comments?post=2802"}],"version-history":[{"count":0,"href":"https:\/\/flyupresort.com\/en\/wp-json\/wp\/v2\/pages\/2802\/revisions"}],"wp:attachment":[{"href":"https:\/\/flyupresort.com\/en\/wp-json\/wp\/v2\/media?parent=2802"}],"curies":[{"name":"wp","href":"https:\/\/api.w.org\/{rel}","templated":true}]}}